{"id":498,"date":"2023-01-12T15:20:18","date_gmt":"2023-01-12T15:20:18","guid":{"rendered":"https:\/\/akc.nl\/?page_id=498"},"modified":"2023-10-27T08:45:07","modified_gmt":"2023-10-27T08:45:07","slug":"campings","status":"publish","type":"page","link":"https:\/\/www.akc.nl\/?page_id=498","title":{"rendered":"Campings"},"content":{"rendered":"\t\t<div data-elementor-type=\"wp-page\" data-elementor-id=\"498\" class=\"elementor elementor-498\" data-elementor-post-type=\"page\">\n\t\t\t\t<div class=\"elementor-element elementor-element-42e10b74 e-flex e-con-boxed e-con e-parent\" data-id=\"42e10b74\" data-element_type=\"container\" data-e-type=\"container\">\n\t\t\t\t\t<div class=\"e-con-inner\">\n\t\t\t\t<div class=\"elementor-element elementor-element-10f13feb elementor-widget elementor-widget-text-editor\" data-id=\"10f13feb\" data-element_type=\"widget\" data-e-type=\"widget\" data-widget_type=\"text-editor.default\">\n\t\t\t\t<div class=\"elementor-widget-container\">\n\t\t\t\t\t\t\t\t\t<p><\/p>\n<figure class=\"wp-block-table\">\n<table class=\"has-fixed-layout\">\n<tbody>\n<tr>\n<td><br \/><br \/><a href=\"https:\/\/www.campingderoseboom.nl\/\" target=\"_blank\" rel=\"noreferrer noopener\">Minicamping De Roseboom in Lieren<\/a><br \/>Camping De Roseboom ligt midden tussen de weilanden en in een bosrijke omgeving. Bij iedere caravanplaats is een zuil met een waterkraan, afvoer en een aansluitpunt voor elektra. Er is een modern toiletgebouw met 5 toilet\/douchecombinaties en \u00e9\u00e9n apart toilet en \u00e9\u00e9n aparte douche. In totaal dus 6 douches en 6 toiletten, verwarmd door vloerverwarming.<br \/><br \/><br \/><em>Reisafstand 3,9 km, 7 min.<\/em><\/td>\n<td class=\"has-text-align-center\" data-align=\"center\"><img decoding=\"async\" width=\"150\" height=\"99\" class=\"wp-image-504\" style=\"width: 150px;\" src=\"https:\/\/akc.nl\/wp-content\/uploads\/2023\/01\/Camping-De-Roseboom-Lieren.jpg\" alt=\"\" \/><\/td>\n<\/tr>\n<tr>\n<td><a href=\"https:\/\/vinkenkamp.nl\/\" target=\"_blank\" rel=\"noreferrer noopener\">Camping De Vinkenkamp in Lieren<\/a><br \/>Onze rustige camping ligt ten zuiden van Apeldoorn in het dorpje Oosterhuizen, op de overgang van Veluwe naar IJsselvallei. Meer bekende dorpen in de directe omgeving zijn Beekbergen, Loenen (Gld) en Klarenbeek. Onze camping wordt gekenmerkt door kleinschaligheid met goede voorzieningen. Bij ons gaat u niet op in de massa en rust is het belangrijkste kenmerk. Kwaliteit en goed gastheerschap staan bij ons hoog in het vaandel.<br \/><br \/><br \/><em>Reisafstand 6,7 km, 9 min.<\/em><\/td>\n<td class=\"has-text-align-center\" data-align=\"center\"><img decoding=\"async\" width=\"150\" height=\"99\" class=\"wp-image-503\" style=\"width: 150px;\" src=\"https:\/\/akc.nl\/wp-content\/uploads\/2023\/01\/Camping-de-Vinkenkamp-Lieren.jpg\" alt=\"\" \/><\/td>\n<\/tr>\n<tr>\n<td><a href=\"https:\/\/www.debosrand.nl\/\" target=\"_blank\" rel=\"noreferrer noopener\">Minicamping De Bosrand in Lieren<\/a><br \/>Midden op de Veluwe aan de rand van het bos, ligt minicamping en groepsaccommodatie De Bosrand. De minicamping omvat 9 plaatsen voor sta-caravans, 26 toeristische en 8 seizoenplaatsen. Tevens bestaat de mogelijkheid om een moderne stacaravan te huren. Behalve de locatie zelf, biedt de omgeving veel mogelijkheden, die zowel te voet, als met de fiets en de auto goed bereikbaar zijn.<br \/><br \/><br \/><em>Reisafstand 5,5 km, 10 min.<\/em><\/td>\n<td class=\"has-text-align-center\" data-align=\"center\"><img decoding=\"async\" width=\"150\" height=\"100\" class=\"wp-image-502\" style=\"width: 150px;\" src=\"https:\/\/akc.nl\/wp-content\/uploads\/2023\/01\/Camping-De-Bosrand-Beekbergen.jpg\" alt=\"\" \/><\/td>\n<\/tr>\n<tr>\n<td><a href=\"http:\/\/www.minicampingdehane.nl\/\" target=\"_blank\" rel=\"noreferrer noopener\">Minicamping de Hane in Bussloo<\/a><br \/>Deze camping ligt midden tussen de steden Deventer, Apeldoorn en Zutphen.<br \/>Het recratiegebied Bussloo, een groot en zeer mooi natuurgebied met verschillende stranden, waaronder een naturistenstrand, bevindt zich letterlijk aan de overkant van de camping.\u00a0Wat dacht u van de thermen Bussloo, viswater, een golfbaan, een Pitch en Putt terrein en zwemwater. Allemaal op loopafstand!\u00a0Het gebied leent zich uitstekend om te fietsen en te wandelen in een mooie landelijke omgeving.<br \/><br \/><br \/><em>Reisafstand 16,0 km, 16 min.<\/em><\/td>\n<td class=\"has-text-align-center\" data-align=\"center\"><img loading=\"lazy\" decoding=\"async\" width=\"150\" height=\"100\" class=\"wp-image-501\" style=\"width: 150px;\" src=\"https:\/\/akc.nl\/wp-content\/uploads\/2023\/01\/Camping-De-Hane-Bussloo.jpg\" alt=\"\" \/><\/td>\n<\/tr>\n<tr>\n<td>\n<p><a href=\"https:\/\/camperplaatsandebeke.jouwweb.nl\/\">Camperplaats An de B\u00e8ke<\/a><\/p>\n<p>Kom genieten in het Klarenbeekse groen<br \/>Camperplaats An de b\u00e8ke (= Aan de beek) is d\u00e9 perfecte uitvalsbasis voor wandel- en fietstochten door de prachtige omgeving van Klarenbeek en omstreken. Hier vind je volop rust, ruimte en groen en ben je toch binnen 15 minuten in steden als Apeldoorn en Zutphen.<\/p>\n<p>De camperplek biedt plaats aan 25 campers en is van alle gemakken voorzien; eigen stroompunten, goede wifi, een nette verzorgingsplaats en een sanitairgebouw.<\/p>\n<\/td>\n<td class=\"has-text-align-center\" data-align=\"center\"><img loading=\"lazy\" decoding=\"async\" class=\"alignnone size-medium wp-image-919\" src=\"https:\/\/akc.nl\/wp-content\/uploads\/2023\/10\/camp-an-de-beke-300x225.webp\" alt=\"\" width=\"300\" height=\"225\" srcset=\"https:\/\/www.akc.nl\/wp-content\/uploads\/2023\/10\/camp-an-de-beke-300x225.webp 300w, https:\/\/www.akc.nl\/wp-content\/uploads\/2023\/10\/camp-an-de-beke.webp 370w\" sizes=\"(max-width: 300px) 100vw, 300px\" \/><\/td>\n<\/tr>\n<tr>\n<td><a href=\"https:\/\/www.campercontact.com\/nl\/nederland\/gelderland\/apeldoorn\/98098\/camperplaats-zwitsal-\">Camperplaats Apeldoorn Zwitsal Terrein<\/a><br \/>Bijzondere industri\u00eble locatie (voormalig fabrieksterrein Zwitsal) gelegen langs het Apeldoorns Kanaal. Gebruik ingang Noord (Vlijtseweg 140). Op vertoon van parkeerticket gratis gebruik van camperservicestation Lierderholt.<br \/><br \/><br \/><em>Reisafstand 7,5 km, 12 minuten<\/em><\/td>\n<td class=\"has-text-align-center\" data-align=\"center\"><img loading=\"lazy\" decoding=\"async\" width=\"150\" height=\"113\" class=\"wp-image-499\" style=\"width: 150px;\" src=\"https:\/\/akc.nl\/wp-content\/uploads\/2023\/01\/Camperplaats-Zwitsal.jpg\" alt=\"\" \/><\/td>\n<\/tr>\n<\/tbody>\n<\/table>\n<\/figure>\n<p><\/p>\t\t\t\t\t\t\t\t<\/div>\n\t\t\t\t<\/div>\n\t\t\t\t\t<\/div>\n\t\t\t\t<\/div>\n\t\t\t\t<\/div>\n\t\t","protected":false},"excerpt":{"rendered":"<p>Minicamping De Roseboom in LierenCamping De Roseboom ligt midden tussen de weilanden en in een bosrijke omgeving. Bij iedere caravanplaats is een zuil met een waterkraan, afvoer en een aansluitpunt voor elektra. Er is&#46;&#46;&#46;<\/p>\n","protected":false},"author":1,"featured_media":0,"parent":0,"menu_order":0,"comment_status":"closed","ping_status":"closed","template":"","meta":{"ngg_post_thumbnail":0,"footnotes":""},"class_list":["post-498","page","type-page","status-publish","hentry"],"_links":{"self":[{"href":"https:\/\/www.akc.nl\/index.php?rest_route=\/wp\/v2\/pages\/498","targetHints":{"allow":["GET"]}}],"collection":[{"href":"https:\/\/www.akc.nl\/index.php?rest_route=\/wp\/v2\/pages"}],"about":[{"href":"https:\/\/www.akc.nl\/index.php?rest_route=\/wp\/v2\/types\/page"}],"author":[{"embeddable":true,"href":"https:\/\/www.akc.nl\/index.php?rest_route=\/wp\/v2\/users\/1"}],"replies":[{"embeddable":true,"href":"https:\/\/www.akc.nl\/index.php?rest_route=%2Fwp%2Fv2%2Fcomments&post=498"}],"version-history":[{"count":14,"href":"https:\/\/www.akc.nl\/index.php?rest_route=\/wp\/v2\/pages\/498\/revisions"}],"predecessor-version":[{"id":922,"href":"https:\/\/www.akc.nl\/index.php?rest_route=\/wp\/v2\/pages\/498\/revisions\/922"}],"wp:attachment":[{"href":"https:\/\/www.akc.nl\/index.php?rest_route=%2Fwp%2Fv2%2Fmedia&parent=498"}],"curies":[{"name":"wp","href":"https:\/\/api.w.org\/{rel}","templated":true}]}}